{"id":76,"date":"2016-10-21T06:36:49","date_gmt":"2016-10-21T04:36:49","guid":{"rendered":"http:\/\/www.ott-immo.com\/WP\/?page_id=76"},"modified":"2016-11-19T09:06:50","modified_gmt":"2016-11-19T08:06:50","slug":"offres-promos","status":"publish","type":"page","link":"https:\/\/www.ott-immo.com\/WP\/offres-promos\/","title":{"rendered":"Offres Promo"},"content":{"rendered":"[vc_row section_background=\u00a0\u00bbimagebg\u00a0\u00bb image_background=\u00a0\u00bb65&Prime;][vc_column][vc_row_inner seqspeed=\u00a0\u00bb150&Prime;][vc_column_inner][vc_single_image image=\u00a0\u00bb112&Prime; img_size=\u00a0\u00bbfull\u00a0\u00bb css=\u00a0\u00bb.vc_custom_1477906863138{margin-bottom: 0px !important;border-bottom-width: 0px !important;padding-bottom: 0px !important;}\u00a0\u00bb][vc_column_text el_class=\u00a0\u00bbb1&Prime;]<strong>CANNES &#8211; Offre de lancement<\/strong><\/p>\n<p>Dans le cadre de la mise en location de notre nouvel appartement \u00e0 CANNES, b\u00e9n\u00e9ficiez d&rsquo;une r\u00e9duction de 15% sur le tarif en vigueur.<\/p>\n<p><strong>Longs s\u00e9jours :<\/strong> b\u00e9n\u00e9ficiez d&rsquo;une r\u00e9duction (sur demande et selon la dur\u00e9e)<\/p>\n<p><strong>Clients r\u00e9gulier:<\/strong> b\u00e9n\u00e9ficiez d&rsquo;un prix sur mesure[\/vc_column_text][\/vc_column_inner][\/vc_row_inner][vc_row_inner][vc_column_inner][vc_column_text el_class=\u00a0\u00bbboxxed3&Prime;]<\/p>\n<h4 style=\"text-align: center;\">Locations &#8211; Ventes &#8211; Transactions Immobili\u00e8res &#8211; Haute-savoie &#8211; Thonon-les-bains<\/h4>\n<p>[\/vc_column_text][\/vc_column_inner][\/vc_row_inner][\/vc_column][\/vc_row]\n","protected":false},"excerpt":{"rendered":"<p>[vc_row section_background=\u00a0\u00bbimagebg\u00a0\u00bb image_background=\u00a0\u00bb65&Prime;][vc_column][vc_row_inner seqspeed=\u00a0\u00bb150&Prime;][vc_column_inner][vc_single_image image=\u00a0\u00bb112&Prime; img_size=\u00a0\u00bbfull\u00a0\u00bb css=\u00a0\u00bb.vc_custom_1477906863138{margin-bottom: 0px !important;border-bottom-width: 0px !important;padding-bottom: 0px !important;}\u00a0\u00bb][vc_column_text el_class=\u00a0\u00bbb1&Prime;]CANNES &#8211; Offre de lancement Dans le cadre de la mise en location de notre nouvel appartement \u00e0 CANNES, b\u00e9n\u00e9ficiez d&rsquo;une r\u00e9duction de 15% sur le tarif en vigueur. Longs s\u00e9jours : b\u00e9n\u00e9ficiez d&rsquo;une r\u00e9duction (sur demande &hellip; <a class=\"readmore\" href=\"https:\/\/www.ott-immo.com\/WP\/offres-promos\/\">Continue reading <span class=\"meta-nav\">&rarr;<\/span><\/a><\/p>\n","protected":false},"author":1,"featured_media":0,"parent":0,"menu_order":0,"comment_status":"closed","ping_status":"open","template":"template\/template-landing-page-vc.php","meta":[],"yoast_head":"<!-- This site is optimized with the Yoast SEO plugin v20.5 - https:\/\/yoast.com\/wordpress\/plugins\/seo\/ -->\n<title>Offres Promo - OTT Immo<\/title>\n<meta name=\"robots\" content=\"index, follow, max-snippet:-1, max-image-preview:large, max-video-preview:-1\" \/>\n<link rel=\"canonical\" href=\"https:\/\/www.ott-immo.com\/WP\/offres-promos\/\" \/>\n<meta property=\"og:locale\" content=\"fr_FR\" \/>\n<meta property=\"og:type\" content=\"article\" \/>\n<meta property=\"og:title\" content=\"Offres Promo - OTT Immo\" \/>\n<meta property=\"og:description\" content=\"[vc_row section_background=\u00a0\u00bbimagebg\u00a0\u00bb image_background=\u00a0\u00bb65&Prime;][vc_column][vc_row_inner seqspeed=\u00a0\u00bb150&Prime;][vc_column_inner][vc_single_image image=\u00a0\u00bb112&Prime; img_size=\u00a0\u00bbfull\u00a0\u00bb css=\u00a0\u00bb.vc_custom_1477906863138{margin-bottom: 0px !important;border-bottom-width: 0px !important;padding-bottom: 0px !important;}\u00a0\u00bb][vc_column_text el_class=\u00a0\u00bbb1&Prime;]CANNES &#8211; Offre de lancement Dans le cadre de la mise en location de notre nouvel appartement \u00e0 CANNES, b\u00e9n\u00e9ficiez d&rsquo;une r\u00e9duction de 15% sur le tarif en vigueur. Longs s\u00e9jours : b\u00e9n\u00e9ficiez d&rsquo;une r\u00e9duction (sur demande &hellip; Continue reading &rarr;\" \/>\n<meta property=\"og:url\" content=\"https:\/\/www.ott-immo.com\/WP\/offres-promos\/\" \/>\n<meta property=\"og:site_name\" content=\"OTT Immo\" \/>\n<meta property=\"article:modified_time\" content=\"2016-11-19T08:06:50+00:00\" \/>\n<meta name=\"twitter:card\" content=\"summary_large_image\" \/>\n<meta name=\"twitter:label1\" content=\"Dur\u00e9e de lecture estim\u00e9e\" \/>\n\t<meta name=\"twitter:data1\" content=\"1 minute\" \/>\n<script type=\"application\/ld+json\" class=\"yoast-schema-graph\">{\"@context\":\"https:\/\/schema.org\",\"@graph\":[{\"@type\":\"WebPage\",\"@id\":\"https:\/\/www.ott-immo.com\/WP\/offres-promos\/\",\"url\":\"https:\/\/www.ott-immo.com\/WP\/offres-promos\/\",\"name\":\"Offres Promo - OTT Immo\",\"isPartOf\":{\"@id\":\"https:\/\/www.ott-immo.com\/WP\/#website\"},\"datePublished\":\"2016-10-21T04:36:49+00:00\",\"dateModified\":\"2016-11-19T08:06:50+00:00\",\"breadcrumb\":{\"@id\":\"https:\/\/www.ott-immo.com\/WP\/offres-promos\/#breadcrumb\"},\"inLanguage\":\"fr-FR\",\"potentialAction\":[{\"@type\":\"ReadAction\",\"target\":[\"https:\/\/www.ott-immo.com\/WP\/offres-promos\/\"]}]},{\"@type\":\"BreadcrumbList\",\"@id\":\"https:\/\/www.ott-immo.com\/WP\/offres-promos\/#breadcrumb\",\"itemListElement\":[{\"@type\":\"ListItem\",\"position\":1,\"name\":\"Accueil\",\"item\":\"https:\/\/www.ott-immo.com\/WP\/\"},{\"@type\":\"ListItem\",\"position\":2,\"name\":\"Offres Promo\"}]},{\"@type\":\"WebSite\",\"@id\":\"https:\/\/www.ott-immo.com\/WP\/#website\",\"url\":\"https:\/\/www.ott-immo.com\/WP\/\",\"name\":\"OTT Immo\",\"description\":\"Locations, ventes et transactions immobili\u00e8res\",\"potentialAction\":[{\"@type\":\"SearchAction\",\"target\":{\"@type\":\"EntryPoint\",\"urlTemplate\":\"https:\/\/www.ott-immo.com\/WP\/?s={search_term_string}\"},\"query-input\":\"required name=search_term_string\"}],\"inLanguage\":\"fr-FR\"}]}<\/script>\n<!-- \/ Yoast SEO plugin. -->","yoast_head_json":{"title":"Offres Promo - OTT Immo","robots":{"index":"index","follow":"follow","max-snippet":"max-snippet:-1","max-image-preview":"max-image-preview:large","max-video-preview":"max-video-preview:-1"},"canonical":"https:\/\/www.ott-immo.com\/WP\/offres-promos\/","og_locale":"fr_FR","og_type":"article","og_title":"Offres Promo - OTT Immo","og_description":"[vc_row section_background=\u00a0\u00bbimagebg\u00a0\u00bb image_background=\u00a0\u00bb65&Prime;][vc_column][vc_row_inner seqspeed=\u00a0\u00bb150&Prime;][vc_column_inner][vc_single_image image=\u00a0\u00bb112&Prime; img_size=\u00a0\u00bbfull\u00a0\u00bb css=\u00a0\u00bb.vc_custom_1477906863138{margin-bottom: 0px !important;border-bottom-width: 0px !important;padding-bottom: 0px !important;}\u00a0\u00bb][vc_column_text el_class=\u00a0\u00bbb1&Prime;]CANNES &#8211; Offre de lancement Dans le cadre de la mise en location de notre nouvel appartement \u00e0 CANNES, b\u00e9n\u00e9ficiez d&rsquo;une r\u00e9duction de 15% sur le tarif en vigueur. Longs s\u00e9jours : b\u00e9n\u00e9ficiez d&rsquo;une r\u00e9duction (sur demande &hellip; Continue reading &rarr;","og_url":"https:\/\/www.ott-immo.com\/WP\/offres-promos\/","og_site_name":"OTT Immo","article_modified_time":"2016-11-19T08:06:50+00:00","twitter_card":"summary_large_image","twitter_misc":{"Dur\u00e9e de lecture estim\u00e9e":"1 minute"},"schema":{"@context":"https:\/\/schema.org","@graph":[{"@type":"WebPage","@id":"https:\/\/www.ott-immo.com\/WP\/offres-promos\/","url":"https:\/\/www.ott-immo.com\/WP\/offres-promos\/","name":"Offres Promo - OTT Immo","isPartOf":{"@id":"https:\/\/www.ott-immo.com\/WP\/#website"},"datePublished":"2016-10-21T04:36:49+00:00","dateModified":"2016-11-19T08:06:50+00:00","breadcrumb":{"@id":"https:\/\/www.ott-immo.com\/WP\/offres-promos\/#breadcrumb"},"inLanguage":"fr-FR","potentialAction":[{"@type":"ReadAction","target":["https:\/\/www.ott-immo.com\/WP\/offres-promos\/"]}]},{"@type":"BreadcrumbList","@id":"https:\/\/www.ott-immo.com\/WP\/offres-promos\/#breadcrumb","itemListElement":[{"@type":"ListItem","position":1,"name":"Accueil","item":"https:\/\/www.ott-immo.com\/WP\/"},{"@type":"ListItem","position":2,"name":"Offres Promo"}]},{"@type":"WebSite","@id":"https:\/\/www.ott-immo.com\/WP\/#website","url":"https:\/\/www.ott-immo.com\/WP\/","name":"OTT Immo","description":"Locations, ventes et transactions immobili\u00e8res","potentialAction":[{"@type":"SearchAction","target":{"@type":"EntryPoint","urlTemplate":"https:\/\/www.ott-immo.com\/WP\/?s={search_term_string}"},"query-input":"required name=search_term_string"}],"inLanguage":"fr-FR"}]}},"_links":{"self":[{"href":"https:\/\/www.ott-immo.com\/WP\/wp-json\/wp\/v2\/pages\/76"}],"collection":[{"href":"https:\/\/www.ott-immo.com\/WP\/wp-json\/wp\/v2\/pages"}],"about":[{"href":"https:\/\/www.ott-immo.com\/WP\/wp-json\/wp\/v2\/types\/page"}],"author":[{"embeddable":true,"href":"https:\/\/www.ott-immo.com\/WP\/wp-json\/wp\/v2\/users\/1"}],"replies":[{"embeddable":true,"href":"https:\/\/www.ott-immo.com\/WP\/wp-json\/wp\/v2\/comments?post=76"}],"version-history":[{"count":5,"href":"https:\/\/www.ott-immo.com\/WP\/wp-json\/wp\/v2\/pages\/76\/revisions"}],"predecessor-version":[{"id":199,"href":"https:\/\/www.ott-immo.com\/WP\/wp-json\/wp\/v2\/pages\/76\/revisions\/199"}],"wp:attachment":[{"href":"https:\/\/www.ott-immo.com\/WP\/wp-json\/wp\/v2\/media?parent=76"}],"curies":[{"name":"wp","href":"https:\/\/api.w.org\/{rel}","templated":true}]}}