{"id":74,"date":"2016-10-21T06:36:16","date_gmt":"2016-10-21T04:36:16","guid":{"rendered":"http:\/\/www.ott-immo.com\/WP\/?page_id=74"},"modified":"2023-04-21T16:39:44","modified_gmt":"2023-04-21T14:39:44","slug":"residences-hotelieres","status":"publish","type":"page","link":"https:\/\/www.ott-immo.com\/WP\/residences-hotelieres\/","title":{"rendered":"R\u00e9sidences H\u00f4telieres"},"content":{"rendered":"[vc_row section_background=\u00a0\u00bbimagebg\u00a0\u00bb image_background=\u00a0\u00bb65&Prime;][vc_column][vc_row_inner seqspeed=\u00a0\u00bb150&Prime;][vc_column_inner][vc_single_image image=\u00a0\u00bb107&Prime; img_size=\u00a0\u00bbfull\u00a0\u00bb css=\u00a0\u00bb.vc_custom_1477906684115{margin-bottom: 0px !important;border-bottom-width: 0px !important;padding-bottom: 0px !important;}\u00a0\u00bb][vc_column_text el_class=\u00a0\u00bbb1&Prime;]Un lieu de vie privil\u00e9gi\u00e9, en Rh\u00f4ne Alpes, \u00e0 quelques minutes du Lac et du centre ville.<\/p>\n<p><strong>Situ\u00e9s dans un lieu de vie privil\u00e9gi\u00e9<\/strong>, nos r\u00e9sidences constituent un <strong>concept unique en France<\/strong> de copropri\u00e9t\u00e9s classiques adapt\u00e9es \u00e0 la r\u00e9ception d&rsquo;une client\u00e8le vari\u00e9e (familles et seniors).<\/p>\n<p>La qualit\u00e9 des sites choisis, proches des commerces et commodit\u00e9s, la possibilit\u00e9 de b\u00e9n\u00e9ficier de<strong> services \u00e0 la carte<\/strong>*, la s\u00e9curit\u00e9 d&rsquo;un ensemble clos ainsi que l&rsquo;autonomie des r\u00e9sidents r\u00e9pondent en tous points aux besoins d\u2019une population active et de s\u00e9niors et sont le gage d&rsquo;un investissement immobilier s\u00fbr<\/p>\n<p>Services 4 \u00e9toiles<\/p>\n<p>Le <strong>club-house<\/strong>, situ\u00e9 au rez-de-chauss\u00e9e de no r\u00e9sidences, offre un <strong>lieu de d\u00e9tente et de convivialit\u00e9<\/strong> o\u00f9 sont \u00e0 disposition salons, biblioth\u00e8ques et SPA o\u00f9 sont organis\u00e9es de nombreuses activit\u00e9s tout au long de l\u2019ann\u00e9e \u00e0 la demande des locataires.<\/p>\n<p>Pour davantage de confort, de nombreux <strong>services \u00e0 la carte<\/strong> sont \u00e9galement disponibles : nettoyage des appartements, restauration par livraison \u00e0 domicile, aide-m\u00e9nag\u00e8re, navettes &#8230;<\/p>\n<p>Un investissement int\u00e9ressant et s\u00fbr\u00a0!<\/p>\n<ul>\n<li>Une population en constante augmentation et un march\u00e9 en plein essor \u00e0 forte demande locative.<\/li>\n<li>Un <strong>immobilier de qualit\u00e9<\/strong> adapt\u00e9 aux besoins des r\u00e9sidents.<\/li>\n<li>Une p\u00e9rennit\u00e9 de location assur\u00e9e par la soci\u00e9t\u00e9 de gestion OTT IMMO, filiale du GROUP ADDITIF.<\/li>\n<li>Des locataires stables, peu enclins \u00e0 la mobilit\u00e9 : pas de vacance locative.<\/li>\n<li>Pas de d\u00e9gradation des r\u00e9sidences entretenues au quotidien et sur lesquelles veillent la soci\u00e9t\u00e9 OTT IMMO.<\/li>\n<li>L&rsquo;assurance d&rsquo;une revente \u00e0 une population en constante \u00e9volution.<\/li>\n<\/ul>\n<p><strong>Investissements immobiliers de 3 \u00e0 6 millions d\u2019euros<\/strong>[\/vc_column_text][\/vc_column_inner][\/vc_row_inner][vc_row_inner][vc_column_inner][vc_column_text el_class=\u00a0\u00bbboxxed3&Prime;]<\/p>\n<h4 style=\"text-align: center;\">Locations &#8211; Ventes &#8211; Transactions Immobili\u00e8res &#8211; Haute-savoie &#8211; Thonon-les-bains<\/h4>\n<p>[\/vc_column_text][\/vc_column_inner][\/vc_row_inner][\/vc_column][\/vc_row]\n","protected":false},"excerpt":{"rendered":"<p>[vc_row section_background=\u00a0\u00bbimagebg\u00a0\u00bb image_background=\u00a0\u00bb65&Prime;][vc_column][vc_row_inner seqspeed=\u00a0\u00bb150&Prime;][vc_column_inner][vc_single_image image=\u00a0\u00bb107&Prime; img_size=\u00a0\u00bbfull\u00a0\u00bb css=\u00a0\u00bb.vc_custom_1477906684115{margin-bottom: 0px !important;border-bottom-width: 0px !important;padding-bottom: 0px !important;}\u00a0\u00bb][vc_column_text el_class=\u00a0\u00bbb1&Prime;]Un lieu de vie privil\u00e9gi\u00e9, en Rh\u00f4ne Alpes, \u00e0 quelques minutes du Lac et du centre ville. Situ\u00e9s dans un lieu de vie privil\u00e9gi\u00e9, nos r\u00e9sidences constituent un concept unique en France de copropri\u00e9t\u00e9s classiques adapt\u00e9es \u00e0 &hellip; <a class=\"readmore\" href=\"https:\/\/www.ott-immo.com\/WP\/residences-hotelieres\/\">Continue reading <span class=\"meta-nav\">&rarr;<\/span><\/a><\/p>\n","protected":false},"author":1,"featured_media":0,"parent":0,"menu_order":0,"comment_status":"closed","ping_status":"open","template":"template\/template-landing-page-vc.php","meta":[],"yoast_head":"<!-- This site is optimized with the Yoast SEO plugin v20.5 - https:\/\/yoast.com\/wordpress\/plugins\/seo\/ -->\n<title>R\u00e9sidences H\u00f4telieres - OTT Immo<\/title>\n<meta name=\"robots\" content=\"index, follow, max-snippet:-1, max-image-preview:large, max-video-preview:-1\" \/>\n<link rel=\"canonical\" href=\"https:\/\/www.ott-immo.com\/WP\/residences-hotelieres\/\" \/>\n<meta property=\"og:locale\" content=\"fr_FR\" \/>\n<meta property=\"og:type\" content=\"article\" \/>\n<meta property=\"og:title\" content=\"R\u00e9sidences H\u00f4telieres - OTT Immo\" \/>\n<meta property=\"og:description\" content=\"[vc_row section_background=\u00a0\u00bbimagebg\u00a0\u00bb image_background=\u00a0\u00bb65&Prime;][vc_column][vc_row_inner seqspeed=\u00a0\u00bb150&Prime;][vc_column_inner][vc_single_image image=\u00a0\u00bb107&Prime; img_size=\u00a0\u00bbfull\u00a0\u00bb css=\u00a0\u00bb.vc_custom_1477906684115{margin-bottom: 0px !important;border-bottom-width: 0px !important;padding-bottom: 0px !important;}\u00a0\u00bb][vc_column_text el_class=\u00a0\u00bbb1&Prime;]Un lieu de vie privil\u00e9gi\u00e9, en Rh\u00f4ne Alpes, \u00e0 quelques minutes du Lac et du centre ville. Situ\u00e9s dans un lieu de vie privil\u00e9gi\u00e9, nos r\u00e9sidences constituent un concept unique en France de copropri\u00e9t\u00e9s classiques adapt\u00e9es \u00e0 &hellip; Continue reading &rarr;\" \/>\n<meta property=\"og:url\" content=\"https:\/\/www.ott-immo.com\/WP\/residences-hotelieres\/\" \/>\n<meta property=\"og:site_name\" content=\"OTT Immo\" \/>\n<meta property=\"article:modified_time\" content=\"2023-04-21T14:39:44+00:00\" \/>\n<meta name=\"twitter:card\" content=\"summary_large_image\" \/>\n<meta name=\"twitter:label1\" content=\"Dur\u00e9e de lecture estim\u00e9e\" \/>\n\t<meta name=\"twitter:data1\" content=\"2 minutes\" \/>\n<script type=\"application\/ld+json\" class=\"yoast-schema-graph\">{\"@context\":\"https:\/\/schema.org\",\"@graph\":[{\"@type\":\"WebPage\",\"@id\":\"https:\/\/www.ott-immo.com\/WP\/residences-hotelieres\/\",\"url\":\"https:\/\/www.ott-immo.com\/WP\/residences-hotelieres\/\",\"name\":\"R\u00e9sidences H\u00f4telieres - OTT Immo\",\"isPartOf\":{\"@id\":\"https:\/\/www.ott-immo.com\/WP\/#website\"},\"datePublished\":\"2016-10-21T04:36:16+00:00\",\"dateModified\":\"2023-04-21T14:39:44+00:00\",\"breadcrumb\":{\"@id\":\"https:\/\/www.ott-immo.com\/WP\/residences-hotelieres\/#breadcrumb\"},\"inLanguage\":\"fr-FR\",\"potentialAction\":[{\"@type\":\"ReadAction\",\"target\":[\"https:\/\/www.ott-immo.com\/WP\/residences-hotelieres\/\"]}]},{\"@type\":\"BreadcrumbList\",\"@id\":\"https:\/\/www.ott-immo.com\/WP\/residences-hotelieres\/#breadcrumb\",\"itemListElement\":[{\"@type\":\"ListItem\",\"position\":1,\"name\":\"Accueil\",\"item\":\"https:\/\/www.ott-immo.com\/WP\/\"},{\"@type\":\"ListItem\",\"position\":2,\"name\":\"R\u00e9sidences H\u00f4telieres\"}]},{\"@type\":\"WebSite\",\"@id\":\"https:\/\/www.ott-immo.com\/WP\/#website\",\"url\":\"https:\/\/www.ott-immo.com\/WP\/\",\"name\":\"OTT Immo\",\"description\":\"Locations, ventes et transactions immobili\u00e8res\",\"potentialAction\":[{\"@type\":\"SearchAction\",\"target\":{\"@type\":\"EntryPoint\",\"urlTemplate\":\"https:\/\/www.ott-immo.com\/WP\/?s={search_term_string}\"},\"query-input\":\"required name=search_term_string\"}],\"inLanguage\":\"fr-FR\"}]}<\/script>\n<!-- \/ Yoast SEO plugin. -->","yoast_head_json":{"title":"R\u00e9sidences H\u00f4telieres - OTT Immo","robots":{"index":"index","follow":"follow","max-snippet":"max-snippet:-1","max-image-preview":"max-image-preview:large","max-video-preview":"max-video-preview:-1"},"canonical":"https:\/\/www.ott-immo.com\/WP\/residences-hotelieres\/","og_locale":"fr_FR","og_type":"article","og_title":"R\u00e9sidences H\u00f4telieres - OTT Immo","og_description":"[vc_row section_background=\u00a0\u00bbimagebg\u00a0\u00bb image_background=\u00a0\u00bb65&Prime;][vc_column][vc_row_inner seqspeed=\u00a0\u00bb150&Prime;][vc_column_inner][vc_single_image image=\u00a0\u00bb107&Prime; img_size=\u00a0\u00bbfull\u00a0\u00bb css=\u00a0\u00bb.vc_custom_1477906684115{margin-bottom: 0px !important;border-bottom-width: 0px !important;padding-bottom: 0px !important;}\u00a0\u00bb][vc_column_text el_class=\u00a0\u00bbb1&Prime;]Un lieu de vie privil\u00e9gi\u00e9, en Rh\u00f4ne Alpes, \u00e0 quelques minutes du Lac et du centre ville. Situ\u00e9s dans un lieu de vie privil\u00e9gi\u00e9, nos r\u00e9sidences constituent un concept unique en France de copropri\u00e9t\u00e9s classiques adapt\u00e9es \u00e0 &hellip; Continue reading &rarr;","og_url":"https:\/\/www.ott-immo.com\/WP\/residences-hotelieres\/","og_site_name":"OTT Immo","article_modified_time":"2023-04-21T14:39:44+00:00","twitter_card":"summary_large_image","twitter_misc":{"Dur\u00e9e de lecture estim\u00e9e":"2 minutes"},"schema":{"@context":"https:\/\/schema.org","@graph":[{"@type":"WebPage","@id":"https:\/\/www.ott-immo.com\/WP\/residences-hotelieres\/","url":"https:\/\/www.ott-immo.com\/WP\/residences-hotelieres\/","name":"R\u00e9sidences H\u00f4telieres - OTT Immo","isPartOf":{"@id":"https:\/\/www.ott-immo.com\/WP\/#website"},"datePublished":"2016-10-21T04:36:16+00:00","dateModified":"2023-04-21T14:39:44+00:00","breadcrumb":{"@id":"https:\/\/www.ott-immo.com\/WP\/residences-hotelieres\/#breadcrumb"},"inLanguage":"fr-FR","potentialAction":[{"@type":"ReadAction","target":["https:\/\/www.ott-immo.com\/WP\/residences-hotelieres\/"]}]},{"@type":"BreadcrumbList","@id":"https:\/\/www.ott-immo.com\/WP\/residences-hotelieres\/#breadcrumb","itemListElement":[{"@type":"ListItem","position":1,"name":"Accueil","item":"https:\/\/www.ott-immo.com\/WP\/"},{"@type":"ListItem","position":2,"name":"R\u00e9sidences H\u00f4telieres"}]},{"@type":"WebSite","@id":"https:\/\/www.ott-immo.com\/WP\/#website","url":"https:\/\/www.ott-immo.com\/WP\/","name":"OTT Immo","description":"Locations, ventes et transactions immobili\u00e8res","potentialAction":[{"@type":"SearchAction","target":{"@type":"EntryPoint","urlTemplate":"https:\/\/www.ott-immo.com\/WP\/?s={search_term_string}"},"query-input":"required name=search_term_string"}],"inLanguage":"fr-FR"}]}},"_links":{"self":[{"href":"https:\/\/www.ott-immo.com\/WP\/wp-json\/wp\/v2\/pages\/74"}],"collection":[{"href":"https:\/\/www.ott-immo.com\/WP\/wp-json\/wp\/v2\/pages"}],"about":[{"href":"https:\/\/www.ott-immo.com\/WP\/wp-json\/wp\/v2\/types\/page"}],"author":[{"embeddable":true,"href":"https:\/\/www.ott-immo.com\/WP\/wp-json\/wp\/v2\/users\/1"}],"replies":[{"embeddable":true,"href":"https:\/\/www.ott-immo.com\/WP\/wp-json\/wp\/v2\/comments?post=74"}],"version-history":[{"count":13,"href":"https:\/\/www.ott-immo.com\/WP\/wp-json\/wp\/v2\/pages\/74\/revisions"}],"predecessor-version":[{"id":219,"href":"https:\/\/www.ott-immo.com\/WP\/wp-json\/wp\/v2\/pages\/74\/revisions\/219"}],"wp:attachment":[{"href":"https:\/\/www.ott-immo.com\/WP\/wp-json\/wp\/v2\/media?parent=74"}],"curies":[{"name":"wp","href":"https:\/\/api.w.org\/{rel}","templated":true}]}}