{"id":70,"date":"2016-10-21T06:35:14","date_gmt":"2016-10-21T04:35:14","guid":{"rendered":"http:\/\/www.ott-immo.com\/WP\/?page_id=70"},"modified":"2016-11-01T10:19:22","modified_gmt":"2016-11-01T09:19:22","slug":"locations-2","status":"publish","type":"page","link":"https:\/\/www.ott-immo.com\/WP\/locations-2\/","title":{"rendered":"Locations"},"content":{"rendered":"[vc_row section_background=\u00a0\u00bbimagebg\u00a0\u00bb image_background=\u00a0\u00bb65&Prime;][vc_column][vc_row_inner seqspeed=\u00a0\u00bb150&Prime;][vc_column_inner][vc_single_image image=\u00a0\u00bb128&Prime; img_size=\u00a0\u00bbfull\u00a0\u00bb css=\u00a0\u00bb.vc_custom_1477912225264{margin-bottom: 0px !important;border-bottom-width: 0px !important;padding-bottom: 0px !important;}\u00a0\u00bb][vc_column_text el_class=\u00a0\u00bbb1&Prime;]Nous mettons \u00e0 votre disposition des chambres, appartements o\u00f9 maisons tout \u00e9quipe avec des prestations de services \u00e0 la carte.<\/p>\n<p>Chez nous, vous \u00eates d\u00e9j\u00e0 un peu comme chez vous, avec des prestations et des services destin\u00e9s \u00e0 vous rendre la vie plus facile dans un environnement \u00e9l\u00e9gant et raffin\u00e9.<\/p>\n<p>Selon votre destination vous b\u00e9n\u00e9ficiez de prestations et de services\u00a0 \u00ab\u00a0 VIP\u00a0\u00bb. Certains de nos appartements et o\u00f9 maisons disposent d\u2019un espace d\u00e9tente avec jacuzzi, une salle de fitness, un sauna \u00a0et d\u2019une piscine ext\u00e9rieure o\u00f9 d\u2019int\u00e9rieure.[\/vc_column_text][\/vc_column_inner][\/vc_row_inner][vc_row_inner][vc_column_inner][vc_column_text el_class=\u00a0\u00bbboxxed3&Prime;]<\/p>\n<h4 style=\"text-align: center;\">Locations &#8211; Ventes &#8211; Transactions Immobili\u00e8res &#8211; Haute-savoie &#8211; Thonon-les-bains<\/h4>\n<p>[\/vc_column_text][\/vc_column_inner][\/vc_row_inner][\/vc_column][\/vc_row]\n","protected":false},"excerpt":{"rendered":"<p>[vc_row section_background=\u00a0\u00bbimagebg\u00a0\u00bb image_background=\u00a0\u00bb65&Prime;][vc_column][vc_row_inner seqspeed=\u00a0\u00bb150&Prime;][vc_column_inner][vc_single_image image=\u00a0\u00bb128&Prime; img_size=\u00a0\u00bbfull\u00a0\u00bb css=\u00a0\u00bb.vc_custom_1477912225264{margin-bottom: 0px !important;border-bottom-width: 0px !important;padding-bottom: 0px !important;}\u00a0\u00bb][vc_column_text el_class=\u00a0\u00bbb1&Prime;]Nous mettons \u00e0 votre disposition des chambres, appartements o\u00f9 maisons tout \u00e9quipe avec des prestations de services \u00e0 la carte. Chez nous, vous \u00eates d\u00e9j\u00e0 un peu comme chez vous, avec des prestations et des services destin\u00e9s &hellip; <a class=\"readmore\" href=\"https:\/\/www.ott-immo.com\/WP\/locations-2\/\">Continue reading <span class=\"meta-nav\">&rarr;<\/span><\/a><\/p>\n","protected":false},"author":1,"featured_media":0,"parent":0,"menu_order":0,"comment_status":"closed","ping_status":"open","template":"template\/template-landing-page-vc.php","meta":[],"yoast_head":"<!-- This site is optimized with the Yoast SEO plugin v20.5 - https:\/\/yoast.com\/wordpress\/plugins\/seo\/ -->\n<title>Locations - OTT Immo<\/title>\n<meta name=\"robots\" content=\"index, follow, max-snippet:-1, max-image-preview:large, max-video-preview:-1\" \/>\n<link rel=\"canonical\" href=\"https:\/\/www.ott-immo.com\/WP\/locations-2\/\" \/>\n<meta property=\"og:locale\" content=\"fr_FR\" \/>\n<meta property=\"og:type\" content=\"article\" \/>\n<meta property=\"og:title\" content=\"Locations - OTT Immo\" \/>\n<meta property=\"og:description\" content=\"[vc_row section_background=\u00a0\u00bbimagebg\u00a0\u00bb image_background=\u00a0\u00bb65&Prime;][vc_column][vc_row_inner seqspeed=\u00a0\u00bb150&Prime;][vc_column_inner][vc_single_image image=\u00a0\u00bb128&Prime; img_size=\u00a0\u00bbfull\u00a0\u00bb css=\u00a0\u00bb.vc_custom_1477912225264{margin-bottom: 0px !important;border-bottom-width: 0px !important;padding-bottom: 0px !important;}\u00a0\u00bb][vc_column_text el_class=\u00a0\u00bbb1&Prime;]Nous mettons \u00e0 votre disposition des chambres, appartements o\u00f9 maisons tout \u00e9quipe avec des prestations de services \u00e0 la carte. Chez nous, vous \u00eates d\u00e9j\u00e0 un peu comme chez vous, avec des prestations et des services destin\u00e9s &hellip; Continue reading &rarr;\" \/>\n<meta property=\"og:url\" content=\"https:\/\/www.ott-immo.com\/WP\/locations-2\/\" \/>\n<meta property=\"og:site_name\" content=\"OTT Immo\" \/>\n<meta property=\"article:modified_time\" content=\"2016-11-01T09:19:22+00:00\" \/>\n<meta name=\"twitter:card\" content=\"summary_large_image\" \/>\n<meta name=\"twitter:label1\" content=\"Dur\u00e9e de lecture estim\u00e9e\" \/>\n\t<meta name=\"twitter:data1\" content=\"1 minute\" \/>\n<script type=\"application\/ld+json\" class=\"yoast-schema-graph\">{\"@context\":\"https:\/\/schema.org\",\"@graph\":[{\"@type\":\"WebPage\",\"@id\":\"https:\/\/www.ott-immo.com\/WP\/locations-2\/\",\"url\":\"https:\/\/www.ott-immo.com\/WP\/locations-2\/\",\"name\":\"Locations - OTT Immo\",\"isPartOf\":{\"@id\":\"https:\/\/www.ott-immo.com\/WP\/#website\"},\"datePublished\":\"2016-10-21T04:35:14+00:00\",\"dateModified\":\"2016-11-01T09:19:22+00:00\",\"breadcrumb\":{\"@id\":\"https:\/\/www.ott-immo.com\/WP\/locations-2\/#breadcrumb\"},\"inLanguage\":\"fr-FR\",\"potentialAction\":[{\"@type\":\"ReadAction\",\"target\":[\"https:\/\/www.ott-immo.com\/WP\/locations-2\/\"]}]},{\"@type\":\"BreadcrumbList\",\"@id\":\"https:\/\/www.ott-immo.com\/WP\/locations-2\/#breadcrumb\",\"itemListElement\":[{\"@type\":\"ListItem\",\"position\":1,\"name\":\"Accueil\",\"item\":\"https:\/\/www.ott-immo.com\/WP\/\"},{\"@type\":\"ListItem\",\"position\":2,\"name\":\"Locations\"}]},{\"@type\":\"WebSite\",\"@id\":\"https:\/\/www.ott-immo.com\/WP\/#website\",\"url\":\"https:\/\/www.ott-immo.com\/WP\/\",\"name\":\"OTT Immo\",\"description\":\"Locations, ventes et transactions immobili\u00e8res\",\"potentialAction\":[{\"@type\":\"SearchAction\",\"target\":{\"@type\":\"EntryPoint\",\"urlTemplate\":\"https:\/\/www.ott-immo.com\/WP\/?s={search_term_string}\"},\"query-input\":\"required name=search_term_string\"}],\"inLanguage\":\"fr-FR\"}]}<\/script>\n<!-- \/ Yoast SEO plugin. -->","yoast_head_json":{"title":"Locations - OTT Immo","robots":{"index":"index","follow":"follow","max-snippet":"max-snippet:-1","max-image-preview":"max-image-preview:large","max-video-preview":"max-video-preview:-1"},"canonical":"https:\/\/www.ott-immo.com\/WP\/locations-2\/","og_locale":"fr_FR","og_type":"article","og_title":"Locations - OTT Immo","og_description":"[vc_row section_background=\u00a0\u00bbimagebg\u00a0\u00bb image_background=\u00a0\u00bb65&Prime;][vc_column][vc_row_inner seqspeed=\u00a0\u00bb150&Prime;][vc_column_inner][vc_single_image image=\u00a0\u00bb128&Prime; img_size=\u00a0\u00bbfull\u00a0\u00bb css=\u00a0\u00bb.vc_custom_1477912225264{margin-bottom: 0px !important;border-bottom-width: 0px !important;padding-bottom: 0px !important;}\u00a0\u00bb][vc_column_text el_class=\u00a0\u00bbb1&Prime;]Nous mettons \u00e0 votre disposition des chambres, appartements o\u00f9 maisons tout \u00e9quipe avec des prestations de services \u00e0 la carte. Chez nous, vous \u00eates d\u00e9j\u00e0 un peu comme chez vous, avec des prestations et des services destin\u00e9s &hellip; Continue reading &rarr;","og_url":"https:\/\/www.ott-immo.com\/WP\/locations-2\/","og_site_name":"OTT Immo","article_modified_time":"2016-11-01T09:19:22+00:00","twitter_card":"summary_large_image","twitter_misc":{"Dur\u00e9e de lecture estim\u00e9e":"1 minute"},"schema":{"@context":"https:\/\/schema.org","@graph":[{"@type":"WebPage","@id":"https:\/\/www.ott-immo.com\/WP\/locations-2\/","url":"https:\/\/www.ott-immo.com\/WP\/locations-2\/","name":"Locations - OTT Immo","isPartOf":{"@id":"https:\/\/www.ott-immo.com\/WP\/#website"},"datePublished":"2016-10-21T04:35:14+00:00","dateModified":"2016-11-01T09:19:22+00:00","breadcrumb":{"@id":"https:\/\/www.ott-immo.com\/WP\/locations-2\/#breadcrumb"},"inLanguage":"fr-FR","potentialAction":[{"@type":"ReadAction","target":["https:\/\/www.ott-immo.com\/WP\/locations-2\/"]}]},{"@type":"BreadcrumbList","@id":"https:\/\/www.ott-immo.com\/WP\/locations-2\/#breadcrumb","itemListElement":[{"@type":"ListItem","position":1,"name":"Accueil","item":"https:\/\/www.ott-immo.com\/WP\/"},{"@type":"ListItem","position":2,"name":"Locations"}]},{"@type":"WebSite","@id":"https:\/\/www.ott-immo.com\/WP\/#website","url":"https:\/\/www.ott-immo.com\/WP\/","name":"OTT Immo","description":"Locations, ventes et transactions immobili\u00e8res","potentialAction":[{"@type":"SearchAction","target":{"@type":"EntryPoint","urlTemplate":"https:\/\/www.ott-immo.com\/WP\/?s={search_term_string}"},"query-input":"required name=search_term_string"}],"inLanguage":"fr-FR"}]}},"_links":{"self":[{"href":"https:\/\/www.ott-immo.com\/WP\/wp-json\/wp\/v2\/pages\/70"}],"collection":[{"href":"https:\/\/www.ott-immo.com\/WP\/wp-json\/wp\/v2\/pages"}],"about":[{"href":"https:\/\/www.ott-immo.com\/WP\/wp-json\/wp\/v2\/types\/page"}],"author":[{"embeddable":true,"href":"https:\/\/www.ott-immo.com\/WP\/wp-json\/wp\/v2\/users\/1"}],"replies":[{"embeddable":true,"href":"https:\/\/www.ott-immo.com\/WP\/wp-json\/wp\/v2\/comments?post=70"}],"version-history":[{"count":4,"href":"https:\/\/www.ott-immo.com\/WP\/wp-json\/wp\/v2\/pages\/70\/revisions"}],"predecessor-version":[{"id":139,"href":"https:\/\/www.ott-immo.com\/WP\/wp-json\/wp\/v2\/pages\/70\/revisions\/139"}],"wp:attachment":[{"href":"https:\/\/www.ott-immo.com\/WP\/wp-json\/wp\/v2\/media?parent=70"}],"curies":[{"name":"wp","href":"https:\/\/api.w.org\/{rel}","templated":true}]}}