{"id":162,"date":"2016-11-01T13:45:01","date_gmt":"2016-11-01T12:45:01","guid":{"rendered":"http:\/\/www.ott-immo.com\/WP\/?page_id=162"},"modified":"2016-11-19T09:05:53","modified_gmt":"2016-11-19T08:05:53","slug":"thonon-pleiades-t3","status":"publish","type":"page","link":"https:\/\/www.ott-immo.com\/WP\/locations-2\/locations-annuelles\/thonon-pleiades-t3\/","title":{"rendered":"Thonon &#8211; Les Pleiades T3"},"content":{"rendered":"[vc_row section_background=\u00a0\u00bbimagebg\u00a0\u00bb image_background=\u00a0\u00bb65&Prime;][vc_column][vc_row_inner seqspeed=\u00a0\u00bb150&Prime;][vc_column_inner][vc_single_image image=\u00a0\u00bb36&Prime; img_size=\u00a0\u00bbfull\u00a0\u00bb css=\u00a0\u00bb.vc_custom_1478004404590{margin-bottom: 0px !important;border-bottom-width: 0px !important;padding-bottom: 0px !important;}\u00a0\u00bb][vc_column_text el_class=\u00a0\u00bbb1&Prime;]Les PleiadesT3 de 68m2 se trouve \u00e0 1,5 km du centre ville de Thonon-Les-Bains.<\/p>\n<p>Cet appartement se trouve dans un petit immeuble de 25 appartements proche de toutes les commodit\u00e9s (poste, banque, pharmacie, boucherie \u2013 secteur grangette 2 minutes \u00e0 pied).<\/p>\n<p>Les Pleiades T3 de 68m2 au 2\u00e8me \u00e9tage comprenant 1 hall d\u2019entr\u00e9e, 1 wc s\u00e9par\u00e9, 1 salle de bains avec baignoire, \u00a01 chambre, 1 cuisine am\u00e9ricaine \u00e9quip\u00e9e ouverte sur un grand salon, 1 deuxi\u00e8me chambre.<\/p>\n<p>L\u2019appartement dispose d\u2019un balcon de 20.00m2 expos\u00e9e Sud\/Ouest.<\/p>\n<p><strong>Informations compl\u00e9mentaires :<\/strong><\/p>\n<ul>\n<li>1 cave de 4.5m2<\/li>\n<li>1 place de parking ext\u00e9rieure (parking collectif)<\/li>\n<li>Chauffage gaz<\/li>\n<li>Eau chaude sanitaire : Chaudi\u00e8re collective au gaz<\/li>\n<\/ul>\n<div>Les Pleiades T3 de 68m2<\/div>\n<p>[\/vc_column_text][\/vc_column_inner][\/vc_row_inner][vc_row_inner][vc_column_inner][vc_column_text el_class=\u00a0\u00bbboxxed3&Prime;]<\/p>\n<h4 style=\"text-align: center;\">Locations &#8211; Ventes &#8211; Transactions Immobili\u00e8res &#8211; Haute-savoie &#8211; Thonon-les-bains<\/h4>\n<p>[\/vc_column_text][\/vc_column_inner][\/vc_row_inner][\/vc_column][\/vc_row]\n","protected":false},"excerpt":{"rendered":"<p>[vc_row section_background=\u00a0\u00bbimagebg\u00a0\u00bb image_background=\u00a0\u00bb65&Prime;][vc_column][vc_row_inner seqspeed=\u00a0\u00bb150&Prime;][vc_column_inner][vc_single_image image=\u00a0\u00bb36&Prime; img_size=\u00a0\u00bbfull\u00a0\u00bb css=\u00a0\u00bb.vc_custom_1478004404590{margin-bottom: 0px !important;border-bottom-width: 0px !important;padding-bottom: 0px !important;}\u00a0\u00bb][vc_column_text el_class=\u00a0\u00bbb1&Prime;]Les PleiadesT3 de 68m2 se trouve \u00e0 1,5 km du centre ville de Thonon-Les-Bains. Cet appartement se trouve dans un petit immeuble de 25 appartements proche de toutes les commodit\u00e9s (poste, banque, pharmacie, boucherie \u2013 secteur grangette &hellip; <a class=\"readmore\" href=\"https:\/\/www.ott-immo.com\/WP\/locations-2\/locations-annuelles\/thonon-pleiades-t3\/\">Continue reading <span class=\"meta-nav\">&rarr;<\/span><\/a><\/p>\n","protected":false},"author":1,"featured_media":0,"parent":123,"menu_order":0,"comment_status":"closed","ping_status":"closed","template":"template\/template-landing-page-vc.php","meta":[],"yoast_head":"<!-- This site is optimized with the Yoast SEO plugin v20.5 - https:\/\/yoast.com\/wordpress\/plugins\/seo\/ -->\n<title>Thonon - Les Pleiades T3 - OTT Immo<\/title>\n<meta name=\"robots\" content=\"index, follow, max-snippet:-1, max-image-preview:large, max-video-preview:-1\" \/>\n<link rel=\"canonical\" href=\"https:\/\/www.ott-immo.com\/WP\/locations-2\/locations-annuelles\/thonon-pleiades-t3\/\" \/>\n<meta property=\"og:locale\" content=\"fr_FR\" \/>\n<meta property=\"og:type\" content=\"article\" \/>\n<meta property=\"og:title\" content=\"Thonon - Les Pleiades T3 - OTT Immo\" \/>\n<meta property=\"og:description\" content=\"[vc_row section_background=\u00a0\u00bbimagebg\u00a0\u00bb image_background=\u00a0\u00bb65&Prime;][vc_column][vc_row_inner seqspeed=\u00a0\u00bb150&Prime;][vc_column_inner][vc_single_image image=\u00a0\u00bb36&Prime; img_size=\u00a0\u00bbfull\u00a0\u00bb css=\u00a0\u00bb.vc_custom_1478004404590{margin-bottom: 0px !important;border-bottom-width: 0px !important;padding-bottom: 0px !important;}\u00a0\u00bb][vc_column_text el_class=\u00a0\u00bbb1&Prime;]Les PleiadesT3 de 68m2 se trouve \u00e0 1,5 km du centre ville de Thonon-Les-Bains. Cet appartement se trouve dans un petit immeuble de 25 appartements proche de toutes les commodit\u00e9s (poste, banque, pharmacie, boucherie \u2013 secteur grangette &hellip; Continue reading &rarr;\" \/>\n<meta property=\"og:url\" content=\"https:\/\/www.ott-immo.com\/WP\/locations-2\/locations-annuelles\/thonon-pleiades-t3\/\" \/>\n<meta property=\"og:site_name\" content=\"OTT Immo\" \/>\n<meta property=\"article:modified_time\" content=\"2016-11-19T08:05:53+00:00\" \/>\n<meta name=\"twitter:card\" content=\"summary_large_image\" \/>\n<meta name=\"twitter:label1\" content=\"Dur\u00e9e de lecture estim\u00e9e\" \/>\n\t<meta name=\"twitter:data1\" content=\"1 minute\" \/>\n<script type=\"application\/ld+json\" class=\"yoast-schema-graph\">{\"@context\":\"https:\/\/schema.org\",\"@graph\":[{\"@type\":\"WebPage\",\"@id\":\"https:\/\/www.ott-immo.com\/WP\/locations-2\/locations-annuelles\/thonon-pleiades-t3\/\",\"url\":\"https:\/\/www.ott-immo.com\/WP\/locations-2\/locations-annuelles\/thonon-pleiades-t3\/\",\"name\":\"Thonon - Les Pleiades T3 - OTT Immo\",\"isPartOf\":{\"@id\":\"https:\/\/www.ott-immo.com\/WP\/#website\"},\"datePublished\":\"2016-11-01T12:45:01+00:00\",\"dateModified\":\"2016-11-19T08:05:53+00:00\",\"breadcrumb\":{\"@id\":\"https:\/\/www.ott-immo.com\/WP\/locations-2\/locations-annuelles\/thonon-pleiades-t3\/#breadcrumb\"},\"inLanguage\":\"fr-FR\",\"potentialAction\":[{\"@type\":\"ReadAction\",\"target\":[\"https:\/\/www.ott-immo.com\/WP\/locations-2\/locations-annuelles\/thonon-pleiades-t3\/\"]}]},{\"@type\":\"BreadcrumbList\",\"@id\":\"https:\/\/www.ott-immo.com\/WP\/locations-2\/locations-annuelles\/thonon-pleiades-t3\/#breadcrumb\",\"itemListElement\":[{\"@type\":\"ListItem\",\"position\":1,\"name\":\"Accueil\",\"item\":\"https:\/\/www.ott-immo.com\/WP\/\"},{\"@type\":\"ListItem\",\"position\":2,\"name\":\"Locations\",\"item\":\"https:\/\/www.ott-immo.com\/WP\/locations-2\/\"},{\"@type\":\"ListItem\",\"position\":3,\"name\":\"Locations annuelles\",\"item\":\"https:\/\/www.ott-immo.com\/WP\/locations-2\/locations-annuelles\/\"},{\"@type\":\"ListItem\",\"position\":4,\"name\":\"Thonon &#8211; Les Pleiades T3\"}]},{\"@type\":\"WebSite\",\"@id\":\"https:\/\/www.ott-immo.com\/WP\/#website\",\"url\":\"https:\/\/www.ott-immo.com\/WP\/\",\"name\":\"OTT Immo\",\"description\":\"Locations, ventes et transactions immobili\u00e8res\",\"potentialAction\":[{\"@type\":\"SearchAction\",\"target\":{\"@type\":\"EntryPoint\",\"urlTemplate\":\"https:\/\/www.ott-immo.com\/WP\/?s={search_term_string}\"},\"query-input\":\"required name=search_term_string\"}],\"inLanguage\":\"fr-FR\"}]}<\/script>\n<!-- \/ Yoast SEO plugin. -->","yoast_head_json":{"title":"Thonon - Les Pleiades T3 - OTT Immo","robots":{"index":"index","follow":"follow","max-snippet":"max-snippet:-1","max-image-preview":"max-image-preview:large","max-video-preview":"max-video-preview:-1"},"canonical":"https:\/\/www.ott-immo.com\/WP\/locations-2\/locations-annuelles\/thonon-pleiades-t3\/","og_locale":"fr_FR","og_type":"article","og_title":"Thonon - Les Pleiades T3 - OTT Immo","og_description":"[vc_row section_background=\u00a0\u00bbimagebg\u00a0\u00bb image_background=\u00a0\u00bb65&Prime;][vc_column][vc_row_inner seqspeed=\u00a0\u00bb150&Prime;][vc_column_inner][vc_single_image image=\u00a0\u00bb36&Prime; img_size=\u00a0\u00bbfull\u00a0\u00bb css=\u00a0\u00bb.vc_custom_1478004404590{margin-bottom: 0px !important;border-bottom-width: 0px !important;padding-bottom: 0px !important;}\u00a0\u00bb][vc_column_text el_class=\u00a0\u00bbb1&Prime;]Les PleiadesT3 de 68m2 se trouve \u00e0 1,5 km du centre ville de Thonon-Les-Bains. Cet appartement se trouve dans un petit immeuble de 25 appartements proche de toutes les commodit\u00e9s (poste, banque, pharmacie, boucherie \u2013 secteur grangette &hellip; Continue reading &rarr;","og_url":"https:\/\/www.ott-immo.com\/WP\/locations-2\/locations-annuelles\/thonon-pleiades-t3\/","og_site_name":"OTT Immo","article_modified_time":"2016-11-19T08:05:53+00:00","twitter_card":"summary_large_image","twitter_misc":{"Dur\u00e9e de lecture estim\u00e9e":"1 minute"},"schema":{"@context":"https:\/\/schema.org","@graph":[{"@type":"WebPage","@id":"https:\/\/www.ott-immo.com\/WP\/locations-2\/locations-annuelles\/thonon-pleiades-t3\/","url":"https:\/\/www.ott-immo.com\/WP\/locations-2\/locations-annuelles\/thonon-pleiades-t3\/","name":"Thonon - Les Pleiades T3 - OTT Immo","isPartOf":{"@id":"https:\/\/www.ott-immo.com\/WP\/#website"},"datePublished":"2016-11-01T12:45:01+00:00","dateModified":"2016-11-19T08:05:53+00:00","breadcrumb":{"@id":"https:\/\/www.ott-immo.com\/WP\/locations-2\/locations-annuelles\/thonon-pleiades-t3\/#breadcrumb"},"inLanguage":"fr-FR","potentialAction":[{"@type":"ReadAction","target":["https:\/\/www.ott-immo.com\/WP\/locations-2\/locations-annuelles\/thonon-pleiades-t3\/"]}]},{"@type":"BreadcrumbList","@id":"https:\/\/www.ott-immo.com\/WP\/locations-2\/locations-annuelles\/thonon-pleiades-t3\/#breadcrumb","itemListElement":[{"@type":"ListItem","position":1,"name":"Accueil","item":"https:\/\/www.ott-immo.com\/WP\/"},{"@type":"ListItem","position":2,"name":"Locations","item":"https:\/\/www.ott-immo.com\/WP\/locations-2\/"},{"@type":"ListItem","position":3,"name":"Locations annuelles","item":"https:\/\/www.ott-immo.com\/WP\/locations-2\/locations-annuelles\/"},{"@type":"ListItem","position":4,"name":"Thonon &#8211; Les Pleiades T3"}]},{"@type":"WebSite","@id":"https:\/\/www.ott-immo.com\/WP\/#website","url":"https:\/\/www.ott-immo.com\/WP\/","name":"OTT Immo","description":"Locations, ventes et transactions immobili\u00e8res","potentialAction":[{"@type":"SearchAction","target":{"@type":"EntryPoint","urlTemplate":"https:\/\/www.ott-immo.com\/WP\/?s={search_term_string}"},"query-input":"required name=search_term_string"}],"inLanguage":"fr-FR"}]}},"_links":{"self":[{"href":"https:\/\/www.ott-immo.com\/WP\/wp-json\/wp\/v2\/pages\/162"}],"collection":[{"href":"https:\/\/www.ott-immo.com\/WP\/wp-json\/wp\/v2\/pages"}],"about":[{"href":"https:\/\/www.ott-immo.com\/WP\/wp-json\/wp\/v2\/types\/page"}],"author":[{"embeddable":true,"href":"https:\/\/www.ott-immo.com\/WP\/wp-json\/wp\/v2\/users\/1"}],"replies":[{"embeddable":true,"href":"https:\/\/www.ott-immo.com\/WP\/wp-json\/wp\/v2\/comments?post=162"}],"version-history":[{"count":5,"href":"https:\/\/www.ott-immo.com\/WP\/wp-json\/wp\/v2\/pages\/162\/revisions"}],"predecessor-version":[{"id":198,"href":"https:\/\/www.ott-immo.com\/WP\/wp-json\/wp\/v2\/pages\/162\/revisions\/198"}],"up":[{"embeddable":true,"href":"https:\/\/www.ott-immo.com\/WP\/wp-json\/wp\/v2\/pages\/123"}],"wp:attachment":[{"href":"https:\/\/www.ott-immo.com\/WP\/wp-json\/wp\/v2\/media?parent=162"}],"curies":[{"name":"wp","href":"https:\/\/api.w.org\/{rel}","templated":true}]}}