{"id":155,"date":"2016-11-01T12:23:12","date_gmt":"2016-11-01T11:23:12","guid":{"rendered":"http:\/\/www.ott-immo.com\/WP\/?page_id=155"},"modified":"2020-01-30T17:31:02","modified_gmt":"2020-01-30T16:31:02","slug":"cannes-melodie-t2","status":"publish","type":"page","link":"https:\/\/www.ott-immo.com\/WP\/locations-2\/location-saisonniere\/cannes-melodie-t2\/","title":{"rendered":"Cannes &#8211; M\u00e9lodie T2"},"content":{"rendered":"[vc_row section_background=\u00a0\u00bbimagebg\u00a0\u00bb image_background=\u00a0\u00bb65&Prime;][vc_column][vc_row_inner seqspeed=\u00a0\u00bb150&Prime;][vc_column_inner][vc_single_image image=\u00a0\u00bb35&Prime; img_size=\u00a0\u00bbfull\u00a0\u00bb css=\u00a0\u00bb.vc_custom_1477999589200{margin-bottom: 0px !important;border-bottom-width: 0px !important;padding-bottom: 0px !important;}\u00a0\u00bb][vc_column_text el_class=\u00a0\u00bbb1&Prime;]<strong>Descriptif :<\/strong><\/p>\n<p><em>APPARTEMENT 2 PIECES DE 50m2<\/em><br \/>\nL\u2019appartement comprend\u00a0: 1 hall d\u2019entr\u00e9e avec placard, 1 chambre \u00e0 coucher ind\u00e9pendante avec acc\u00e8s sur le balcon, 1 salle de bains avec baignoire, 1 WC s\u00e9par\u00e9, 1 cuisine ind\u00e9pendante et totalement \u00e9quip\u00e9e (four, micro onde, machine \u00e0 laver la vaisselle + le linge).<\/p>\n<p><strong>Couchages :<\/strong><\/p>\n<ul>\n<li>1 lit double dans la chambre<\/li>\n<li>1 canap\u00e9 lit 2 places dans le salon<\/li>\n<\/ul>\n<p>Couchage 140 x 190 cm confort et souplesse \/ Canap\u00e9 Amanda cuir convertible<\/p>\n<p><strong>L&#8217;emplacement :<\/strong><\/p>\n<p>Cannes Galli\u00e9ni \u2013 R\u00e9sidence M\u00e9lodie<\/p>\n<p>L\u2019appartement se trouve \u00e0 10 min du centre ville et des plages de Cannes<\/p>\n<ul>\n<li>Un garage priv\u00e9 en sous-sols est pr\u00e9vu avec l\u2019appartement<\/li>\n<li>L\u2019appartement dispose d\u2019une exposition Sud avec un grand balcon de 15m2<\/li>\n<li>Le balcon de l\u2019appartement donne sur un petit jardin privatif et arbor\u00e9.<\/li>\n<\/ul>\n<p><em><strong>Service en option<\/strong><\/em>: \u00a0Courses avant l&rsquo;arriv\u00e9e du locataire (prestation \u00e0 9 EUR)<\/p>\n<p>Draps + linges \u00e0 disposition sur place: compris dans le prix<\/p>\n<p>D\u00e9part possible le dimanche pour la p\u00e9riode du Festival du Film<\/p>\n<p><strong>\u00a0<\/strong>[\/vc_column_text][\/vc_column_inner][\/vc_row_inner][vc_row_inner][vc_column_inner][vc_column_text el_class=\u00a0\u00bbboxxed3&Prime;]<\/p>\n<h4 style=\"text-align: center;\">Locations &#8211; Ventes &#8211; Transactions Immobili\u00e8res &#8211; Haute-savoie &#8211; Thonon-les-bains<\/h4>\n<p>[\/vc_column_text][\/vc_column_inner][\/vc_row_inner][\/vc_column][\/vc_row]\n","protected":false},"excerpt":{"rendered":"<p>[vc_row section_background=\u00a0\u00bbimagebg\u00a0\u00bb image_background=\u00a0\u00bb65&Prime;][vc_column][vc_row_inner seqspeed=\u00a0\u00bb150&Prime;][vc_column_inner][vc_single_image image=\u00a0\u00bb35&Prime; img_size=\u00a0\u00bbfull\u00a0\u00bb css=\u00a0\u00bb.vc_custom_1477999589200{margin-bottom: 0px !important;border-bottom-width: 0px !important;padding-bottom: 0px !important;}\u00a0\u00bb][vc_column_text el_class=\u00a0\u00bbb1&Prime;]Descriptif : APPARTEMENT 2 PIECES DE 50m2 L\u2019appartement comprend\u00a0: 1 hall d\u2019entr\u00e9e avec placard, 1 chambre \u00e0 coucher ind\u00e9pendante avec acc\u00e8s sur le balcon, 1 salle de bains avec baignoire, 1 WC s\u00e9par\u00e9, 1 cuisine ind\u00e9pendante et &hellip; <a class=\"readmore\" href=\"https:\/\/www.ott-immo.com\/WP\/locations-2\/location-saisonniere\/cannes-melodie-t2\/\">Continue reading <span class=\"meta-nav\">&rarr;<\/span><\/a><\/p>\n","protected":false},"author":1,"featured_media":0,"parent":119,"menu_order":0,"comment_status":"closed","ping_status":"closed","template":"template\/template-landing-page-vc.php","meta":[],"yoast_head":"<!-- This site is optimized with the Yoast SEO plugin v20.5 - https:\/\/yoast.com\/wordpress\/plugins\/seo\/ -->\n<title>Cannes - M\u00e9lodie T2 - OTT Immo<\/title>\n<meta name=\"robots\" content=\"index, follow, max-snippet:-1, max-image-preview:large, max-video-preview:-1\" \/>\n<link rel=\"canonical\" href=\"https:\/\/www.ott-immo.com\/WP\/locations-2\/location-saisonniere\/cannes-melodie-t2\/\" \/>\n<meta property=\"og:locale\" content=\"fr_FR\" \/>\n<meta property=\"og:type\" content=\"article\" \/>\n<meta property=\"og:title\" content=\"Cannes - M\u00e9lodie T2 - OTT Immo\" \/>\n<meta property=\"og:description\" content=\"[vc_row section_background=\u00a0\u00bbimagebg\u00a0\u00bb image_background=\u00a0\u00bb65&Prime;][vc_column][vc_row_inner seqspeed=\u00a0\u00bb150&Prime;][vc_column_inner][vc_single_image image=\u00a0\u00bb35&Prime; img_size=\u00a0\u00bbfull\u00a0\u00bb css=\u00a0\u00bb.vc_custom_1477999589200{margin-bottom: 0px !important;border-bottom-width: 0px !important;padding-bottom: 0px !important;}\u00a0\u00bb][vc_column_text el_class=\u00a0\u00bbb1&Prime;]Descriptif : APPARTEMENT 2 PIECES DE 50m2 L\u2019appartement comprend\u00a0: 1 hall d\u2019entr\u00e9e avec placard, 1 chambre \u00e0 coucher ind\u00e9pendante avec acc\u00e8s sur le balcon, 1 salle de bains avec baignoire, 1 WC s\u00e9par\u00e9, 1 cuisine ind\u00e9pendante et &hellip; Continue reading &rarr;\" \/>\n<meta property=\"og:url\" content=\"https:\/\/www.ott-immo.com\/WP\/locations-2\/location-saisonniere\/cannes-melodie-t2\/\" \/>\n<meta property=\"og:site_name\" content=\"OTT Immo\" \/>\n<meta property=\"article:modified_time\" content=\"2020-01-30T16:31:02+00:00\" \/>\n<meta name=\"twitter:card\" content=\"summary_large_image\" \/>\n<meta name=\"twitter:label1\" content=\"Dur\u00e9e de lecture estim\u00e9e\" \/>\n\t<meta name=\"twitter:data1\" content=\"1 minute\" \/>\n<script type=\"application\/ld+json\" class=\"yoast-schema-graph\">{\"@context\":\"https:\/\/schema.org\",\"@graph\":[{\"@type\":\"WebPage\",\"@id\":\"https:\/\/www.ott-immo.com\/WP\/locations-2\/location-saisonniere\/cannes-melodie-t2\/\",\"url\":\"https:\/\/www.ott-immo.com\/WP\/locations-2\/location-saisonniere\/cannes-melodie-t2\/\",\"name\":\"Cannes - M\u00e9lodie T2 - OTT Immo\",\"isPartOf\":{\"@id\":\"https:\/\/www.ott-immo.com\/WP\/#website\"},\"datePublished\":\"2016-11-01T11:23:12+00:00\",\"dateModified\":\"2020-01-30T16:31:02+00:00\",\"breadcrumb\":{\"@id\":\"https:\/\/www.ott-immo.com\/WP\/locations-2\/location-saisonniere\/cannes-melodie-t2\/#breadcrumb\"},\"inLanguage\":\"fr-FR\",\"potentialAction\":[{\"@type\":\"ReadAction\",\"target\":[\"https:\/\/www.ott-immo.com\/WP\/locations-2\/location-saisonniere\/cannes-melodie-t2\/\"]}]},{\"@type\":\"BreadcrumbList\",\"@id\":\"https:\/\/www.ott-immo.com\/WP\/locations-2\/location-saisonniere\/cannes-melodie-t2\/#breadcrumb\",\"itemListElement\":[{\"@type\":\"ListItem\",\"position\":1,\"name\":\"Accueil\",\"item\":\"https:\/\/www.ott-immo.com\/WP\/\"},{\"@type\":\"ListItem\",\"position\":2,\"name\":\"Locations\",\"item\":\"https:\/\/www.ott-immo.com\/WP\/locations-2\/\"},{\"@type\":\"ListItem\",\"position\":3,\"name\":\"Locations saisonni\u00e8res\",\"item\":\"https:\/\/www.ott-immo.com\/WP\/locations-2\/location-saisonniere\/\"},{\"@type\":\"ListItem\",\"position\":4,\"name\":\"Cannes &#8211; M\u00e9lodie T2\"}]},{\"@type\":\"WebSite\",\"@id\":\"https:\/\/www.ott-immo.com\/WP\/#website\",\"url\":\"https:\/\/www.ott-immo.com\/WP\/\",\"name\":\"OTT Immo\",\"description\":\"Locations, ventes et transactions immobili\u00e8res\",\"potentialAction\":[{\"@type\":\"SearchAction\",\"target\":{\"@type\":\"EntryPoint\",\"urlTemplate\":\"https:\/\/www.ott-immo.com\/WP\/?s={search_term_string}\"},\"query-input\":\"required name=search_term_string\"}],\"inLanguage\":\"fr-FR\"}]}<\/script>\n<!-- \/ Yoast SEO plugin. -->","yoast_head_json":{"title":"Cannes - M\u00e9lodie T2 - OTT Immo","robots":{"index":"index","follow":"follow","max-snippet":"max-snippet:-1","max-image-preview":"max-image-preview:large","max-video-preview":"max-video-preview:-1"},"canonical":"https:\/\/www.ott-immo.com\/WP\/locations-2\/location-saisonniere\/cannes-melodie-t2\/","og_locale":"fr_FR","og_type":"article","og_title":"Cannes - M\u00e9lodie T2 - OTT Immo","og_description":"[vc_row section_background=\u00a0\u00bbimagebg\u00a0\u00bb image_background=\u00a0\u00bb65&Prime;][vc_column][vc_row_inner seqspeed=\u00a0\u00bb150&Prime;][vc_column_inner][vc_single_image image=\u00a0\u00bb35&Prime; img_size=\u00a0\u00bbfull\u00a0\u00bb css=\u00a0\u00bb.vc_custom_1477999589200{margin-bottom: 0px !important;border-bottom-width: 0px !important;padding-bottom: 0px !important;}\u00a0\u00bb][vc_column_text el_class=\u00a0\u00bbb1&Prime;]Descriptif : APPARTEMENT 2 PIECES DE 50m2 L\u2019appartement comprend\u00a0: 1 hall d\u2019entr\u00e9e avec placard, 1 chambre \u00e0 coucher ind\u00e9pendante avec acc\u00e8s sur le balcon, 1 salle de bains avec baignoire, 1 WC s\u00e9par\u00e9, 1 cuisine ind\u00e9pendante et &hellip; Continue reading &rarr;","og_url":"https:\/\/www.ott-immo.com\/WP\/locations-2\/location-saisonniere\/cannes-melodie-t2\/","og_site_name":"OTT Immo","article_modified_time":"2020-01-30T16:31:02+00:00","twitter_card":"summary_large_image","twitter_misc":{"Dur\u00e9e de lecture estim\u00e9e":"1 minute"},"schema":{"@context":"https:\/\/schema.org","@graph":[{"@type":"WebPage","@id":"https:\/\/www.ott-immo.com\/WP\/locations-2\/location-saisonniere\/cannes-melodie-t2\/","url":"https:\/\/www.ott-immo.com\/WP\/locations-2\/location-saisonniere\/cannes-melodie-t2\/","name":"Cannes - M\u00e9lodie T2 - OTT Immo","isPartOf":{"@id":"https:\/\/www.ott-immo.com\/WP\/#website"},"datePublished":"2016-11-01T11:23:12+00:00","dateModified":"2020-01-30T16:31:02+00:00","breadcrumb":{"@id":"https:\/\/www.ott-immo.com\/WP\/locations-2\/location-saisonniere\/cannes-melodie-t2\/#breadcrumb"},"inLanguage":"fr-FR","potentialAction":[{"@type":"ReadAction","target":["https:\/\/www.ott-immo.com\/WP\/locations-2\/location-saisonniere\/cannes-melodie-t2\/"]}]},{"@type":"BreadcrumbList","@id":"https:\/\/www.ott-immo.com\/WP\/locations-2\/location-saisonniere\/cannes-melodie-t2\/#breadcrumb","itemListElement":[{"@type":"ListItem","position":1,"name":"Accueil","item":"https:\/\/www.ott-immo.com\/WP\/"},{"@type":"ListItem","position":2,"name":"Locations","item":"https:\/\/www.ott-immo.com\/WP\/locations-2\/"},{"@type":"ListItem","position":3,"name":"Locations saisonni\u00e8res","item":"https:\/\/www.ott-immo.com\/WP\/locations-2\/location-saisonniere\/"},{"@type":"ListItem","position":4,"name":"Cannes &#8211; M\u00e9lodie T2"}]},{"@type":"WebSite","@id":"https:\/\/www.ott-immo.com\/WP\/#website","url":"https:\/\/www.ott-immo.com\/WP\/","name":"OTT Immo","description":"Locations, ventes et transactions immobili\u00e8res","potentialAction":[{"@type":"SearchAction","target":{"@type":"EntryPoint","urlTemplate":"https:\/\/www.ott-immo.com\/WP\/?s={search_term_string}"},"query-input":"required name=search_term_string"}],"inLanguage":"fr-FR"}]}},"_links":{"self":[{"href":"https:\/\/www.ott-immo.com\/WP\/wp-json\/wp\/v2\/pages\/155"}],"collection":[{"href":"https:\/\/www.ott-immo.com\/WP\/wp-json\/wp\/v2\/pages"}],"about":[{"href":"https:\/\/www.ott-immo.com\/WP\/wp-json\/wp\/v2\/types\/page"}],"author":[{"embeddable":true,"href":"https:\/\/www.ott-immo.com\/WP\/wp-json\/wp\/v2\/users\/1"}],"replies":[{"embeddable":true,"href":"https:\/\/www.ott-immo.com\/WP\/wp-json\/wp\/v2\/comments?post=155"}],"version-history":[{"count":6,"href":"https:\/\/www.ott-immo.com\/WP\/wp-json\/wp\/v2\/pages\/155\/revisions"}],"predecessor-version":[{"id":203,"href":"https:\/\/www.ott-immo.com\/WP\/wp-json\/wp\/v2\/pages\/155\/revisions\/203"}],"up":[{"embeddable":true,"href":"https:\/\/www.ott-immo.com\/WP\/wp-json\/wp\/v2\/pages\/119"}],"wp:attachment":[{"href":"https:\/\/www.ott-immo.com\/WP\/wp-json\/wp\/v2\/media?parent=155"}],"curies":[{"name":"wp","href":"https:\/\/api.w.org\/{rel}","templated":true}]}}